{"id":37289,"date":"2023-08-02T08:21:43","date_gmt":"2023-08-02T06:21:43","guid":{"rendered":"https:\/\/akademiata.pl\/?page_id=37289"},"modified":"2025-05-09T10:20:37","modified_gmt":"2025-05-09T08:20:37","slug":"management-master-program","status":"publish","type":"page","link":"https:\/\/uczelnia.akademiata.pl\/en\/management-master-program\/","title":{"rendered":"Management \u2013 Master Program (second-cycle studies)"},"content":{"rendered":"","protected":false},"excerpt":{"rendered":"","protected":false},"author":11,"featured_media":0,"parent":0,"menu_order":0,"comment_status":"closed","ping_status":"closed","template":"","meta":[],"class_list":["post-37289","page","type-page","status-publish","hentry"],"yoast_head":"<!-- This site is optimized with the Yoast SEO plugin v23.9 - https:\/\/yoast.com\/wordpress\/plugins\/seo\/ -->\n<title>Zarz\u0105dzanie II Stopnia | ATA Warszawa<\/title>\n<meta name=\"description\" content=\"Do\u0142\u0105cz do grona studiuj\u0105cych kierunek Zarz\u0105dzania II Stopnia w ATA oraz zdob\u0105d\u017a nowe perspektywy zatrudnienia!\" \/>\n<meta name=\"robots\" content=\"index, follow, max-snippet:-1, max-image-preview:large, max-video-preview:-1\" \/>\n<link rel=\"canonical\" href=\"https:\/\/uczelnia.akademiata.pl\/en\/management-master-program\/\" \/>\n<meta property=\"og:locale\" content=\"en_US\" \/>\n<meta property=\"og:type\" content=\"article\" \/>\n<meta property=\"og:title\" content=\"Zarz\u0105dzanie II Stopnia | ATA Warszawa\" \/>\n<meta property=\"og:description\" content=\"Do\u0142\u0105cz do grona studiuj\u0105cych kierunek Zarz\u0105dzania II Stopnia w ATA oraz zdob\u0105d\u017a nowe perspektywy zatrudnienia!\" \/>\n<meta property=\"og:url\" content=\"https:\/\/uczelnia.akademiata.pl\/en\/management-master-program\/\" \/>\n<meta property=\"og:site_name\" content=\"ATA\" \/>\n<meta property=\"article:modified_time\" content=\"2025-05-09T08:20:37+00:00\" \/>\n<meta name=\"twitter:card\" content=\"summary_large_image\" \/>\n<script type=\"application\/ld+json\" class=\"yoast-schema-graph\">{\"@context\":\"https:\/\/schema.org\",\"@graph\":[{\"@type\":\"WebPage\",\"@id\":\"https:\/\/uczelnia.akademiata.pl\/en\/management-master-program\/\",\"url\":\"https:\/\/uczelnia.akademiata.pl\/en\/management-master-program\/\",\"name\":\"Zarz\u0105dzanie II Stopnia | ATA Warszawa\",\"isPartOf\":{\"@id\":\"https:\/\/uczelnia.akademiata.pl\/#website\"},\"datePublished\":\"2023-08-02T06:21:43+00:00\",\"dateModified\":\"2025-05-09T08:20:37+00:00\",\"description\":\"Do\u0142\u0105cz do grona studiuj\u0105cych kierunek Zarz\u0105dzania II Stopnia w ATA oraz zdob\u0105d\u017a nowe perspektywy zatrudnienia!\",\"breadcrumb\":{\"@id\":\"https:\/\/uczelnia.akademiata.pl\/en\/management-master-program\/#breadcrumb\"},\"inLanguage\":\"en-US\",\"potentialAction\":[{\"@type\":\"ReadAction\",\"target\":[\"https:\/\/uczelnia.akademiata.pl\/en\/management-master-program\/\"]}]},{\"@type\":\"BreadcrumbList\",\"@id\":\"https:\/\/uczelnia.akademiata.pl\/en\/management-master-program\/#breadcrumb\",\"itemListElement\":[{\"@type\":\"ListItem\",\"position\":1,\"name\":\"Home\",\"item\":\"https:\/\/uczelnia.akademiata.pl\/en\/\"},{\"@type\":\"ListItem\",\"position\":2,\"name\":\"Management \u2013 Master Program (second-cycle studies)\"}]},{\"@type\":\"WebSite\",\"@id\":\"https:\/\/uczelnia.akademiata.pl\/#website\",\"url\":\"https:\/\/uczelnia.akademiata.pl\/\",\"name\":\"ATA\",\"description\":\"Akademia Techniczno-Artystyczna Nauk Stosowanych w Warszawie\",\"potentialAction\":[{\"@type\":\"SearchAction\",\"target\":{\"@type\":\"EntryPoint\",\"urlTemplate\":\"https:\/\/uczelnia.akademiata.pl\/?s={search_term_string}\"},\"query-input\":{\"@type\":\"PropertyValueSpecification\",\"valueRequired\":true,\"valueName\":\"search_term_string\"}}],\"inLanguage\":\"en-US\"}]}<\/script>\n<!-- \/ Yoast SEO plugin. -->","yoast_head_json":{"title":"Zarz\u0105dzanie II Stopnia | ATA Warszawa","description":"Do\u0142\u0105cz do grona studiuj\u0105cych kierunek Zarz\u0105dzania II Stopnia w ATA oraz zdob\u0105d\u017a nowe perspektywy zatrudnienia!","robots":{"index":"index","follow":"follow","max-snippet":"max-snippet:-1","max-image-preview":"max-image-preview:large","max-video-preview":"max-video-preview:-1"},"canonical":"https:\/\/uczelnia.akademiata.pl\/en\/management-master-program\/","og_locale":"en_US","og_type":"article","og_title":"Zarz\u0105dzanie II Stopnia | ATA Warszawa","og_description":"Do\u0142\u0105cz do grona studiuj\u0105cych kierunek Zarz\u0105dzania II Stopnia w ATA oraz zdob\u0105d\u017a nowe perspektywy zatrudnienia!","og_url":"https:\/\/uczelnia.akademiata.pl\/en\/management-master-program\/","og_site_name":"ATA","article_modified_time":"2025-05-09T08:20:37+00:00","twitter_card":"summary_large_image","schema":{"@context":"https:\/\/schema.org","@graph":[{"@type":"WebPage","@id":"https:\/\/uczelnia.akademiata.pl\/en\/management-master-program\/","url":"https:\/\/uczelnia.akademiata.pl\/en\/management-master-program\/","name":"Zarz\u0105dzanie II Stopnia | ATA Warszawa","isPartOf":{"@id":"https:\/\/uczelnia.akademiata.pl\/#website"},"datePublished":"2023-08-02T06:21:43+00:00","dateModified":"2025-05-09T08:20:37+00:00","description":"Do\u0142\u0105cz do grona studiuj\u0105cych kierunek Zarz\u0105dzania II Stopnia w ATA oraz zdob\u0105d\u017a nowe perspektywy zatrudnienia!","breadcrumb":{"@id":"https:\/\/uczelnia.akademiata.pl\/en\/management-master-program\/#breadcrumb"},"inLanguage":"en-US","potentialAction":[{"@type":"ReadAction","target":["https:\/\/uczelnia.akademiata.pl\/en\/management-master-program\/"]}]},{"@type":"BreadcrumbList","@id":"https:\/\/uczelnia.akademiata.pl\/en\/management-master-program\/#breadcrumb","itemListElement":[{"@type":"ListItem","position":1,"name":"Home","item":"https:\/\/uczelnia.akademiata.pl\/en\/"},{"@type":"ListItem","position":2,"name":"Management \u2013 Master Program (second-cycle studies)"}]},{"@type":"WebSite","@id":"https:\/\/uczelnia.akademiata.pl\/#website","url":"https:\/\/uczelnia.akademiata.pl\/","name":"ATA","description":"Akademia Techniczno-Artystyczna Nauk Stosowanych w Warszawie","potentialAction":[{"@type":"SearchAction","target":{"@type":"EntryPoint","urlTemplate":"https:\/\/uczelnia.akademiata.pl\/?s={search_term_string}"},"query-input":{"@type":"PropertyValueSpecification","valueRequired":true,"valueName":"search_term_string"}}],"inLanguage":"en-US"}]}},"_links":{"self":[{"href":"https:\/\/uczelnia.akademiata.pl\/en\/wp-json\/wp\/v2\/pages\/37289","targetHints":{"allow":["GET"]}}],"collection":[{"href":"https:\/\/uczelnia.akademiata.pl\/en\/wp-json\/wp\/v2\/pages"}],"about":[{"href":"https:\/\/uczelnia.akademiata.pl\/en\/wp-json\/wp\/v2\/types\/page"}],"author":[{"embeddable":true,"href":"https:\/\/uczelnia.akademiata.pl\/en\/wp-json\/wp\/v2\/users\/11"}],"replies":[{"embeddable":true,"href":"https:\/\/uczelnia.akademiata.pl\/en\/wp-json\/wp\/v2\/comments?post=37289"}],"version-history":[{"count":3,"href":"https:\/\/uczelnia.akademiata.pl\/en\/wp-json\/wp\/v2\/pages\/37289\/revisions"}],"predecessor-version":[{"id":57657,"href":"https:\/\/uczelnia.akademiata.pl\/en\/wp-json\/wp\/v2\/pages\/37289\/revisions\/57657"}],"wp:attachment":[{"href":"https:\/\/uczelnia.akademiata.pl\/en\/wp-json\/wp\/v2\/media?parent=37289"}],"curies":[{"name":"wp","href":"https:\/\/api.w.org\/{rel}","templated":true}]}}